{"id":4318,"date":"2016-03-01T22:55:41","date_gmt":"2016-03-01T22:55:41","guid":{"rendered":"http:\/\/prediqma.com\/edition\/?page_id=4318"},"modified":"2021-09-10T08:43:01","modified_gmt":"2021-09-10T08:43:01","slug":"agb","status":"publish","type":"page","link":"https:\/\/prediqma.com\/edition\/agb\/","title":{"rendered":"AGB"},"content":{"rendered":"<p><a href=\"https:\/\/prediqma.com\/edition\/prediqma\/uploads\/AGB_Institut_f\u00fcr_B\u00f6rsenstrategie.pdf\" target=\"_blank\" rel=\"noopener noreferrer\"><i class=\"fa fa-file-pdf-o \" ><\/i> AGB (PDF)<\/a><\/p>\n<p><a href=\"https:\/\/prediqma.com\/edition\/prediqma\/uploads\/2017\/06\/170607_01_WRF_Institut_f\u00fcr_B\u00f6rsenstrategie-V002.pdf\" target=\"_blank\" rel=\"noopener noreferrer\"><i class=\"fa fa-file-pdf-o \" ><\/i> Widerrufsformular (PDF)<\/a><\/p>\n<p style=\"text-align: center;\"><strong>Allgemeine Gesch\u00e4ftsbedingungen<\/strong><\/p>\n<p style=\"text-align: center;\"><strong>Institut f\u00fcr B\u00f6rsenstrategie GmbH<\/strong><\/p>\n<p style=\"text-align: left;\"><strong>\u00a0<\/strong><\/p>\n<h4><strong>\u00a7\u00a0<\/strong>1 Geltungsbereich<\/h4>\n<p>(1) Die Rechtsbeziehung zwischen der Institut f\u00fcr B\u00f6rsenstrategie GmbH, vertreten durch den Gesch\u00e4ftsf\u00fchrer Herrn Hartmut F. Jaensch, Kurf\u00fcrstenstra\u00dfe 44 in 46399 Bocholt (\u201eAnbieter\u201c), und dem Kunden bzw. Nutzer (\u201eKunde\u201c) im Zusammenhang mit den Angeboten der Institut f\u00fcr B\u00f6rsenstrategie GmbH erfolgt ausschlie\u00dflich auf Grundlage der nachfolgenden Gesch\u00e4ftsbedingungen in der derzeit g\u00fcltigen Fassung.<\/p>\n<p>(2) Diese Gesch\u00e4ftsbedingungen sind wesentlicher Bestandteil jedes abgeschlossenen Vertrags zwischen dem Anbieter und seinen Kunden, soweit nicht Abweichendes vereinbart ist. Sie gelten auch f\u00fcr die zuk\u00fcnftigen Gesch\u00e4ftsbeziehungen mit dem Kunden, ohne dass ihre erneute ausdr\u00fcckliche Einbeziehung erforderlich ist.<\/p>\n<p>(3) Abweichende Gesch\u00e4ftsbedingungen des Kunden sowie \u00c4nderungen und Erg\u00e4nzungen dieser Nutzungsbedingungen haben nur G\u00fcltigkeit, soweit sie vom Anbieter schriftlich anerkannt sind. Dies gilt auch, wenn den Gesch\u00e4fts- und\/oder Lieferbedingungen des Kunden nicht ausdr\u00fccklich widersprochen worden ist.<\/p>\n<h4><strong>\u00a7\u00a0<\/strong>2 Vertragsgegenstand \/ Vertragsschluss<\/h4>\n<p>(1) Der Anbieter stellt den Kunden im Wege einer Software und Publikationen (nachfolgend \u201eProdukte\u201c) Informationen \u00fcber Kapitalanlagem\u00f6glichkeiten zur Verf\u00fcgung. Es handelt sich dabei ausschlie\u00dflich um sog. \u201eAfter-Midnight-Informationen\u201c, die also entsprechend der Vorgaben der Deutsche B\u00f6rse AG erst am folgenden Tag nach ihrer Entstehung weitergegeben werden.<\/p>\n<p>(2) Voraussetzung f\u00fcr den Vertragsschluss mit dem Kunden ist, dass dieser alle mit dem Registrierungsformular abgefragten Daten angibt, ein Produkt sowie seine gew\u00fcnschte Zahlungsweise ausw\u00e4hlt und diesen Allgemeinen Gesch\u00e4ftsbedingungen zustimmt. \u00dcber den Button \u201cKostenpflichtige Bestellung\u201c gibt der Kunde dann ein verbindliches Angebot zum Vertragsschluss \u00fcber das von ihm ausgew\u00e4hlte Produkt ab. Vor Bet\u00e4tigung des Buttons ist es dem Kunden jederzeit m\u00f6glich, seine Daten zu \u00fcberpr\u00fcfen, zu korrigieren oder die Bestellung abzubrechen. Der Anbieter versendet daraufhin eine E-Mail, mit der Best\u00e4tigung \u00fcber das ausgew\u00e4hlte Produkt. Mit Absenden der Best\u00e4tigungs-E-Mail \u00fcber das ausgew\u00e4hlte Produkt an den Kunden kommt der Vertrag mit dem Anbieter zustande. Per Fax oder Post gelten die Regelungen entsprechend.<\/p>\n<p>(3) Indem der Kunde dem Anbieter eine g\u00fcltige E-Mail-Adresse mitteilt, erkl\u00e4rt er sich damit einverstanden, dass seine Auftr\u00e4ge auch per E-Mail entgegengenommen, gespeichert und bearbeitet werden.<\/p>\n<p style=\"text-align: left;\">(4) Eine gewerbliche Nutzung sowie jedwede Nutzung zu Handelszwecken sind nicht gestattet. Grunds\u00e4tzlich ist au\u00dferdem eine Weiterleitung der vom Anbieter erlangten Daten ausdr\u00fccklich verboten. Auch erkl\u00e4rt sich der Kunde bei Vertragsschluss mit den Vertragsbedingungen der Deutsche B\u00f6rse AG einverstanden. Die entsprechenden Vertragstexte sind jederzeit auch \u00fcber den Anbieter einsehbar und k\u00f6nnen bei diesem auch angefordert werden.<\/p>\n<p>(5) Ein Versto\u00df gegen das o.g. Verbot der gewerblichen Nutzung oder die nicht genehmigte Weiterleitung der vom Anbieter erlangten Daten f\u00fchrt eine Vertragsstrafe von \u20ac 30.000 pro vorgenommenen Versto\u00df nach sich. Dar\u00fcber hinaus bestehende Schadenersatzanspr\u00fcche bleiben hiervon unber\u00fchrt.<\/p>\n<p>(6) Durch den Anbieter werden keine Finanzdienstleitungen im Sinne des Gesetzes \u00fcber das Kreditwesen und auch keine Wertpapierdienstleistungen im Sinne des Wertpapierhandelsgesetzes angeboten.<\/p>\n<h4><strong>\u00a7\u00a0<\/strong>3 Preise<\/h4>\n<p>(1) Als vereinbarter Kaufpreis gilt der, der in der Detailbeschreibung des jeweiligen Produktes auf der Internetseite des Anbieters zum Zeitpunkt der Bestellung ausgewiesen ist.<\/p>\n<p>(2) S\u00e4mtliche Preise verstehen sich in EURO und enthalten die jeweils gesetzlich geltende Umsatzsteuer.<\/p>\n<h4><strong>\u00a7\u00a0<\/strong>4 Widerrufsrecht<\/h4>\n<p>(1) Wenn der Kunde Verbraucher gem. \u00a7 13 BGB ist, steht ihm nach Ma\u00dfgabe der folgenden Widerrufsbelehrung ein Widerrufsrecht zu:<\/p>\n<p>Widerrufsrecht<\/p>\n<p>Sie haben das Recht, binnen vierzehn Tagen ohne Angabe von Gr\u00fcnden diesen Vertrag zu widerrufen. Die Widerrufsfrist betr\u00e4gt 14 Tage ab dem Tag, an dem der Kunde oder ein vom Kunden benannter Dritter, der nicht der Bef\u00f6rderer ist, die Waren in Besitz genommen hat.<\/p>\n<p>Um das Widerrufsrecht auszu\u00fcben, muss der Kunde dem Anbieter, Institut f\u00fcr B\u00f6rsenstrategie GmbH, Kurf\u00fcrstenstra\u00dfe 44, 46399 Bocholt, Email: info@prediqma.com, Tel. 0049 (0) 2871-275757-0 mittels einer eindeutigen Erkl\u00e4rung (z. B. ein mit der Post versandter Brief, Telefax oder E-Mail) \u00fcber den Entschluss, diesen Vertrag zu widerrufen, informieren. Der Kunde kann daf\u00fcr das beigef\u00fcgte Muster Widerrufsformular verwenden, das jedoch nicht vorgeschrieben ist.<\/p>\n<p>Zur Wahrung der Widerrufsfrist reicht es aus, dass der Kunde die Mitteilung \u00fcber die Aus\u00fcbung des Widerrufsrechts vor Ablauf der Widerrufsfrist absendet.<\/p>\n<p>Der Widerruf ist zu richten an:<\/p>\n<p>Institut f\u00fcr B\u00f6rsenstrategie GmbH, Kurf\u00fcrstenstra\u00dfe 44, 46399 Bocholt<\/p>\n<p>Email: info@prediqma.com<\/p>\n<p>Telefon: 0049 (0) 2871-275757-0<\/p>\n<p>(2) Folgen des Widerrufs:<\/p>\n<p>Wenn der Kunde den Vertrag widerruft, hat der Anbieter dem Kunden alle Zahlungen, die der Anbieter vom Kunden erhalten hat, einschlie\u00dflich der Lieferkosten (mit Ausnahme der zus\u00e4tzlichen Kosten, die sich daraus ergeben, dass der K\u00e4ufer eine andere Art der Lieferung als die vom Anbieter angebotene, g\u00fcnstige Standardlieferung gew\u00e4hlt hat), unverz\u00fcglich und sp\u00e4testens binnen 14 Tagen ab dem Tag zur\u00fcckzuzahlen, an dem die Mitteilung \u00fcber den Widerruf dieses Vertrages beim Anbieter eingegangen ist. F\u00fcr diese R\u00fcckzahlung verwendet der Anbieter dasselbe Zahlungsmittel, das der Kunde bei der urspr\u00fcnglichen Transaktion eingesetzt hat, es sei denn, mit dem Kunden wurde ausdr\u00fccklich etwas anderes vereinbart; in keinem Fall werden dem Kunden wegen dieser R\u00fcckzahlung Entgelte berechnet. Der Anbieter kann die R\u00fcckzahlung verweigern, bis der Anbieter die Waren wieder zur\u00fcckerhalten hat oder bis der Kunde \u00a0den Nachweis erbracht hat, dass er die Produkte zur\u00fcckgesandt hat, je nachdem, welches der fr\u00fchere Zeitpunkt ist.<\/p>\n<p>(3) Der Kunde hat die Produkte unverz\u00fcglich und in jedem Fall sp\u00e4testens binnen 14 Tagen ab dem Tag, an dem der Kunde den Anbieter \u00fcber den Widerruf dieses Vertrages unterrichtet hat, an den Anbieter zu \u00fcbergeben und an den Anbieter zur\u00fcckzusenden. Die Frist ist gewahrt, wenn der Kunde die Produkte vor Ablauf der Frist von 14 Tagen absendet.<\/p>\n<p>(4) Der Kunde tr\u00e4gt die unmittelbaren Kosten der R\u00fccksendung der Produkte (je nach Beschaffenheit der Produkte per DHL\/UPS\/GLS). Die Kosten werden f\u00fcr einen innerdeutschen Versand auf h\u00f6chstens \u20ac 50,00 gesch\u00e4tzt. F\u00fcr einen europaweiten Versand werden die Versand- und\/oder Speditionskosten auf maximal \u20ac 100,00 gesch\u00e4tzt.<\/p>\n<p>(5) Der Kunde muss f\u00fcr einen etwaigen Wertverlust der Produkte nur aufkommen, wenn dieser Wertverlust auf einen zur Pr\u00fcfung der Beschaffenheit, Eigenschaften und Funktionsweise der Produkte nicht notwendigen Umgang durch den Kunden zur\u00fcckzuf\u00fchren ist.<\/p>\n<p>(6) Das Widerrufsrecht erlischt bei einem Vertrag \u00fcber die Lieferung von nicht auf einem k\u00f6rperlichen Datentr\u00e4ger befindlichen digitalen Inhalten, wenn der Anbieter mit der Ausf\u00fchrung des Vertrags begonnen hat, nachdem der Kunde<\/p>\n<p>&#8211; ausdr\u00fccklich zugestimmt hat, dass der Anbieter mit der Ausf\u00fchrung des Vertrages vor Ablauf der Widerrufsfrist beginnt, und<\/p>\n<p>&#8211; seine Kenntnis davon best\u00e4tigt hat, dass er durch seine Zustimmung mit Beginn der Ausf\u00fchrung des Vertrages sein Widerrufsrecht verliert.<\/p>\n<h4><strong>\u00a7\u00a0<\/strong>5 Risiko-Hinweise \/ Haftung<\/h4>\n<p>(1) Der Anbieter macht ausdr\u00fccklich keine Angebote zum Kauf oder Handel mit Wertpapieren oder anderen Anlagepositionen. Die Publikationen des Anbieters stellen lediglich Informationen zum Kapitalmarkt dar. Nicht jedoch ein Angebot oder eine Empfehlung, die jeweils bewerteten Wertpapiere oder Anlagentitel zu kaufen oder zu verkaufen. Auch ersetzen die angebotenen Informationen keine individuelle Anlageberatung. F\u00fcr den Handel mit derartigen Produkten ist ausschlie\u00dflich eine Bank oder ein geeigneter Finanzberater zust\u00e4ndig. Der Kunde handelt insoweit auf eigenes Risiko und auf eigene Gefahr.<\/p>\n<p>(2) Es besteht keine vertragliche Haupt- oder Nebenpflicht zur Erteilung von Ausk\u00fcnften, Ratschl\u00e4gen oder Empfehlungen. Sofern der Kunde aufgrund der angebotenen Informationen des Anbieters eigenverantwortlich einen Handel mit Wertpapieren oder \u00e4hnlichen Produkten des Finanzmarktes durchf\u00fchrt und es hierdurch zu einem wirtschaftlichen Schaden beim Kunden kommen sollte, so ist der Anbieter nicht zum Ersatz des Schadens verantwortlich. Der Kunde handelt daher auf eigenes Risiko.<\/p>\n<p>(3) Die ausgewerteten Daten st\u00fctzen sich auf allgemein zug\u00e4ngliche Informationen und Daten, die als zuverl\u00e4ssig gelten, deren Unrichtigkeit und Unvollst\u00e4ndigkeit aber nicht ausgeschlossen werden kann. Die Daten erheben daher ausdr\u00fccklich nicht den Anspruch auf Vollst\u00e4ndigkeit und Richtigkeit. Der Anbieter \u00fcbernimmt hierf\u00fcr auch keine Haftung. Die Bewertungen, die den Anlageinformationen zugrunde liegen, st\u00fctzen sich auf allgemein anerkannte und weit verbreitete Methoden. Aussagen zu der auf den Analysen basierenden angenommenen zuk\u00fcnftigen Entwicklung sind stets mit einer gewissen Unsicherheit verbunden. Diese Aussagen sind daher unter keinen Umst\u00e4nden als Zusagen oder Zusicherungen auszulegen<\/p>\n<p>(4) Der Handel mit Wertpapieren und anderen Finanzinstrumenten ist mit besonders hohen Risiken behaftet, die auch einen wirtschaftlichen Verlust zur Folge haben k\u00f6nnen.<\/p>\n<p>(5) Die Redakteure und Herausgeber der ver\u00f6ffentlichten Informationen k\u00f6nnen jederzeit auch Wertpapiere in ihrem Besitz halten, kaufen oder verkaufen, \u00fcber die im Rahmen der Ver\u00f6ffentlichungen berichtet wird.<\/p>\n<h4><strong>\u00a7\u00a0<\/strong>6 Lieferung<\/h4>\n<p>(1) Der Anbieter wird die zu erbringenden Dienstleistungen an die vom Kunden angegebene Adresse bzw. Emailadresse liefern.<\/p>\n<p>(2) Der Kunde versichert gegen\u00fcber dem Anbieter, alle zur Bestellung erforderlichen Daten wahrheitsgem\u00e4\u00df und vollst\u00e4ndig anzugeben und den Anbieter \u00fcber etwaige \u00c4nderungen seiner pers\u00f6nlichen Daten (Anschrift, Telefon, E-Mail usw.) zu informieren.<\/p>\n<p>(3) Eine Weitergabe der erlangten Informationen an Dritte \u2013 sei es entgeltlich oder unentgeltlich \u2013 ist dem Kunden nicht gestattet.<\/p>\n<h4><strong>\u00a7\u00a0<\/strong>7 Zahlungsbedingungen \/ Aufrechnung<\/h4>\n<p>(1) Sofern nicht anders vereinbart, sind alle Zahlungen sofort nach Rechnungsstellung f\u00e4llig. Der Kunde kommt auch ohne eine Mahnung durch den Anbieter in Verzug, wenn er die Zahlung nicht innerhalb von 14 Tagen nach F\u00e4lligkeit der Rechnung vornimmt. In diesem Fall ist der Anbieter berechtigt, Verzugszinsen in H\u00f6he des gesetzlichen Zinssatzes zu fordern. Die Belastung des Kontos oder des Kreditkartenkontos des Kunden erfolgt mit Abschluss der Bestellung und Versand der Rechnung. Die Zahlung kann mit den Kreditkarten MasterCard und Visa erfolgen. Der Anbieter beh\u00e4lt sich das Recht vor, etwaige Verwaltungskosten, die in Bezug auf eine Buchung mit Kreditkarte entstehen, zus\u00e4tzlich zu berechnen. Der Anbieter wird den Kunden \u00fcber entsprechende Kosten benachrichtigen.<\/p>\n<p>(2) Der Kunde ist daf\u00fcr verantwortlich, dass die Abrechnungsinformationen (Kreditkartendaten bzw. Daten f\u00fcr das Lastschriftverfahren) aktuell und vollst\u00e4ndig sind. Falls die Zahlung nicht erfolgt, wird ein erneuter Abbuchungsversuch unternommen, der zus\u00e4tzliche R\u00fcckbelastungskosten zu Lasten des Kunden in H\u00f6he von 10,00 Euro ausl\u00f6st.<\/p>\n<p>(3) Der Anbieter beh\u00e4lt sich das Recht vor, bei Zahlungsverzug umgehend die Dienstleistungen und Lieferungen einzustellen. Bis zur vollst\u00e4ndigen Begleichung der Forderungen des Anbieters hat der Anbieter ein Zur\u00fcckbehaltungsrecht. Ausgelieferte Produkte und erbrachte Dienstleistungen bleiben bis zur vollst\u00e4ndigen Zahlung des f\u00e4lligen Betrages Eigentum des Anbieters.<\/p>\n<p>(4) Der Kunde ist zur Aufrechnung gegen Anspr\u00fcche des Anbieters nur berechtigt, sofern seine Gegenanspr\u00fcche vom Anbieter anerkannt, unbestritten oder rechtskr\u00e4ftig festgestellt sind.<\/p>\n<h4><strong>\u00a7\u00a0<\/strong>8 Laufzeit, K\u00fcndigungsfrist<\/h4>\n<p>F\u00fcr K\u00fcndigungen von Produkten und Diensten gilt grunds\u00e4tzlich eine Frist von 4 Wochen zum Ende des Bezugszeitraumes. Dar\u00fcber hinaus k\u00f6nnen Kunden Abonnements bestimmter Produkte und Dienste, wie vom Anbieter auf seinen Webseiten f\u00fcr diese angeben, k\u00fcndigen. In diesen F\u00e4llen wird die K\u00fcndigung erst am Tag des Endes des laufenden Abonnements wirksam. Die Abbestellung (K\u00fcndigung) ist in Textform (z.B. per E-Mail, Fax oder Post) an Institut f\u00fcr B\u00f6rsenstrategie GmbH, Kurf\u00fcrstenstra\u00dfe 44 in 46399 Bocholt, Mail:info@prediqma.com, Fax:0049(0)2871-2757575 zu richten. F\u00fcr die Rechtzeitigkeit der K\u00fcndigung kommt es nicht auf den Tag der Absendung, sondern auf den Tag des Zuganges der K\u00fcndigungserkl\u00e4rung (in Textform), des K\u00fcndigungsschreibens bzw. der E-Mail an.<\/p>\n<h4><strong>\u00a7\u00a0<\/strong>9 Haftung, Schadensersatz, Gew\u00e4hrleistung<\/h4>\n<p>(1) Ist die erbrachte Dienstleistung oder das erhaltene Produkt mangelhaft, stehen dem Kunden die gesetzlichen Anspr\u00fcche zu. Soweit in diesen Gesch\u00e4ftsbedingungen nichts anderes bestimmt ist, sind weitergehende Anspr\u00fcche des Kunden \u2013 gleich aus welchen Rechtsgr\u00fcnden \u2013 ausgeschlossen.<\/p>\n<p>(2) Die Haftung des Anbieters beschr\u00e4nkt sich auf Sch\u00e4den, die durch den Anbieter, seine gesetzlichen Vertreter oder Erf\u00fcllungsgehilfen vors\u00e4tzlich oder grob fahrl\u00e4ssig verursacht wurden oder auf der Verletzung einer f\u00fcr das Vertragsverh\u00e4ltnis wesentlichen Hauptpflicht beruhen. Die Schadensersatzhaftung ist auf den vorhersehbaren, typischerweise eintretenden Schaden begrenzt, soweit dem Anbieter keine vors\u00e4tzliche oder grob fahrl\u00e4ssige Vertragsverletzung angelastet wird. Der Anbieter wird von seinen Vertragspflichten frei und eine Haftung ist ausgeschlossen, wenn er an deren Erf\u00fcllung durch Arbeitskampf, beh\u00f6rdliche oder gerichtliche Ma\u00dfnahmen sowie sonstige Ereignisse h\u00f6herer Gewalt behindert wird und er dies nicht zu vertreten hat.<\/p>\n<p>(3) Die Gew\u00e4hrleistung f\u00fcr die vom Anbieter erbrachten Lieferungen und Leistungen beschr\u00e4nkt sich zun\u00e4chst auf das Recht zur Nachbesserung bzw. Ersatzlieferung. Schlagen Nachbesserungen oder Ersatzlieferung fehl, so ist der Kunde zur Herabsetzung der Verg\u00fctung bzw. des Kaufpreises oder zum R\u00fccktritt vom Vertrag berechtigt. Bei Fehlbedienung und unsachgem\u00e4\u00dfem Gebrauch der Produkte tr\u00e4gt der Kunde die Kosten der Nachbesserung bzw. der Reparatur. Im \u00dcbrigen richtet sich die Gew\u00e4hrleistung nach den bestehenden gesetzlichen Vorschriften. Die gesetzliche Gew\u00e4hrleistungsfrist betr\u00e4gt 2 Jahre und beginnt mit der Lieferung des Produktes. Sofern der Vertragsschluss mit einem Unternehmer zustande kommt, wird die Gew\u00e4hrleistungsfrist auf ein Jahr beschr\u00e4nkt.<\/p>\n<p>(6) Die Haftung wegen schuldhafter Verletzung des Lebens, des K\u00f6rpers oder der Gesundheit bleibt unber\u00fchrt. Dies gilt ebenfalls f\u00fcr die zwingende Haftung nach dem Produkthaftungsgesetz.<\/p>\n<h4><strong>\u00a7\u00a0<\/strong>10 Urheberrechte<\/h4>\n<p>Der Anbieter ist Eigent\u00fcmer der Urheberrechte an allen ver\u00f6ffentlichten Produkten und Informationen. Der Anbieter gestattet die \u00dcbernahme von Texten und Grafiken, die ausschlie\u00dflich f\u00fcr private Zwecke eines Kunden gedacht sind. Jegliche sonstige Vervielf\u00e4ltigung, Weiterverbreitung und Nutzung zu anderen Zwecken als Ganzes oder in Teilen bedarf der schriftlichen Einwilligung des Anbieters. Dies gilt insbesondere f\u00fcr Vervielf\u00e4ltigung, Bearbeitung, Weiterentwicklung, \u00dcbersetzung, Speicherung, Verarbeitung bzw. Wiedergabe von Inhalten in Datenbanken oder anderen elektronischen Medien und Systemen.<\/p>\n<h4><strong>\u00a7\u00a0<\/strong>11 Datenschutz<\/h4>\n<p>(1) Die im Rahmen der Gesch\u00e4ftsbeziehung unmittelbar oder durch Dritte bekannt werdenden personenbezogenen Daten des Kunden werden vom Anbieter elektronisch gespeichert und f\u00fcr den Gesch\u00e4ftsverkehr verarbeitet (Hinweis nach dem Bundesdatenschutzgesetz).Der Kunde ist damit einverstanden, dass auch die Institut f\u00fcr B\u00f6rsenstrategie Holding GmbH die o.g. Daten zur ordnungsgem\u00e4\u00dfen Gesch\u00e4ftsabwicklung mit dem Kunden abspeichert.<\/p>\n<p>(2) Der Kunde willigt in die Verarbeitung der \u00fcber ihn unmittelbar oder durch Dritte bekannt werdenden personenbezogenen Daten durch den Anbieter ein.<\/p>\n<p>(3) Der Kunde kann die allgemeinen Gesch\u00e4ftsbedingungen jederzeit auf http:\/\/www.prediqma.com einsehen und speichern. Die konkreten Bestelldaten sowie die Allgemeinen Gesch\u00e4ftsbedingungen werden per Email zugesendet und ebenfalls gespeichert.<\/p>\n<h4><strong>\u00a7\u00a0<\/strong>12 Schlussbestimmungen \/ Salvatorische Klausel<\/h4>\n<p>(1) \u00c4nderungen oder Erg\u00e4nzungen dieser Gesch\u00e4ftsbedingungen \u2013 einschlie\u00dflich der Schriftformklausel \u2013 bed\u00fcrfen der Schriftform.<\/p>\n<p>(2) Auf Vertr\u00e4ge zwischen dem Anbieter und dem Kunden findet das Recht der Bundesrepublik Deutschland unter Ausschluss des UN-Kaufrechts Anwendung.<\/p>\n<p>(3) Sofern es sich beim Kunden um einen Kaufmann, eine juristische Person des \u00f6ffentlichen Rechts oder um ein \u00f6ffentlich-rechtliches Sonderverm\u00f6gen handelt, ist Gerichtsstand f\u00fcr alle Streitigkeiten aus dem Vertragsverh\u00e4ltnis der Sitz des Anbieters.<\/p>\n<p>(4) Bei Unwirksamkeit einzelner Bestimmungen dieser AGB bleiben die \u00fcbrigen Bestimmungen weiterhin wirksam. Anstelle der unwirksamen Punkte treten Regelungen, die der unwirksamen Bestimmung wirtschaftlich am n\u00e4chsten kommt.<\/p>\n<p>AGB-Fassung vom 07.06.2017 -Nr. 0002<br \/>\n[gzd_complaints]<\/p>\n","protected":false},"excerpt":{"rendered":"<p>AGB (PDF) Widerrufsformular (PDF) Allgemeine Gesch\u00e4ftsbedingungen Institut f\u00fcr B\u00f6rsenstrategie GmbH \u00a0 \u00a7\u00a01 Geltungsbereich (1) Die Rechtsbeziehung zwischen der Institut f\u00fcr B\u00f6rsenstrategie GmbH, vertreten durch den Gesch\u00e4ftsf\u00fchrer Herrn Hartmut F. Jaensch, Kurf\u00fcrstenstra\u00dfe 44 in 46399 Bocholt (\u201eAnbieter\u201c), und dem Kunden bzw. Nutzer (\u201eKunde\u201c) im Zusammenhang mit den Angeboten der Institut f\u00fcr B\u00f6rsenstrategie GmbH erfolgt ausschlie\u00dflich auf [&hellip;]<\/p>\n","protected":false},"author":2,"featured_media":0,"parent":0,"menu_order":0,"comment_status":"closed","ping_status":"closed","template":"","meta":{"_monsterinsights_skip_tracking":false,"_monsterinsights_sitenote_active":false,"_monsterinsights_sitenote_note":"","_monsterinsights_sitenote_category":0,"_genesis_hide_title":false,"_genesis_hide_breadcrumbs":false,"_genesis_hide_singular_image":false,"_genesis_hide_footer_widgets":false,"_genesis_custom_body_class":"","_genesis_custom_post_class":"","_genesis_layout":""},"_links":{"self":[{"href":"https:\/\/prediqma.com\/edition\/wp-json\/wp\/v2\/pages\/4318"}],"collection":[{"href":"https:\/\/prediqma.com\/edition\/wp-json\/wp\/v2\/pages"}],"about":[{"href":"https:\/\/prediqma.com\/edition\/wp-json\/wp\/v2\/types\/page"}],"author":[{"embeddable":true,"href":"https:\/\/prediqma.com\/edition\/wp-json\/wp\/v2\/users\/2"}],"replies":[{"embeddable":true,"href":"https:\/\/prediqma.com\/edition\/wp-json\/wp\/v2\/comments?post=4318"}],"version-history":[{"count":2,"href":"https:\/\/prediqma.com\/edition\/wp-json\/wp\/v2\/pages\/4318\/revisions"}],"predecessor-version":[{"id":28912,"href":"https:\/\/prediqma.com\/edition\/wp-json\/wp\/v2\/pages\/4318\/revisions\/28912"}],"wp:attachment":[{"href":"https:\/\/prediqma.com\/edition\/wp-json\/wp\/v2\/media?parent=4318"}],"curies":[{"name":"wp","href":"https:\/\/api.w.org\/{rel}","templated":true}]}}