{"id":4417,"date":"2016-03-07T07:00:46","date_gmt":"2016-03-07T07:00:46","guid":{"rendered":"http:\/\/prediqma.com\/edition\/imprint\/"},"modified":"2024-01-03T12:31:22","modified_gmt":"2024-01-03T12:31:22","slug":"impressum","status":"publish","type":"page","link":"https:\/\/prediqma.com\/edition\/impressum\/","title":{"rendered":"Impressum &#038; Verbraucherschutz"},"content":{"rendered":"<h4><strong>INHALTLICH VERANTWORTLICH:<\/strong><\/h4>\n<p>prediqma \u2013 Institut f\u00fcr B\u00f6rsenstrategie GmbH (Anbieter i.S.d. \u00a7\u00a7 5 TMG, 55 RStV)<br \/>\nKurf\u00fcrstenstr. 44<\/p>\n<p>D-46399 Bocholt<\/p>\n<p>Telefon: +49 (0) 28 71 \u2013 275 \u00a0757 \u2013 0<\/p>\n<p>E-Mail: info@prediqma.com<br \/>\nInternet: www.prediqma.com<\/p>\n<p>Das B\u00fcro M\u00dcNCHEN von Hartmut Jaensch erreichen Sie \u00fcber die o.g. zentralen Kontaktm\u00f6glichkeiten.<\/p>\n<p>USt-Id-Nr.: DE 300108739<\/p>\n<p>Die Institut f\u00fcr B\u00f6rsenstrategie GmbH ist eingetragen im Registerblatt HRB 15633 des Amtsgerichts Coesfeld und\u00a0wird vertreten durch den Gesch\u00e4ftsf\u00fchrer: Hartmut Jaensch<\/p>\n<p>prediqma\u00ae\u00a0und das Design (Logo) sind jeweils eingetragene Marken der Institut f\u00fcr B\u00f6rsenstrategie HOLDING GmbH, Deutschland.<\/p>\n<p>Das Online-Angebot prediqma\u00ae sowie s\u00e4mtliche Ver\u00f6ffentlichungen in diesem Zusammenhang, werden erstellt in Lizenz der Institut f\u00fcr B\u00f6rsenstrategie HOLDING GmbH, Deutschland (Lizenzgeber).<\/p>\n<h4><strong>DIESES\u00a0IMPRESSUM GILT AUCH F\u00dcR FOLGENDE SOCIAL MEDIA SEITEN:<\/strong><\/h4>\n<p><a href=\"https:\/\/twitter.com\/JaenschHartmut\">Twitter: @JaenschHartmut<\/a><\/p>\n<p><a href=\"https:\/\/www.facebook.com\/hartmut.jaensch\/\">Facebook: Hartmut.Jaensch<\/a><\/p>\n<p><a href=\"https:\/\/www.youtube.com\/watch?v=Pb1yhtMWufI&amp;feature=youtu.be\">YouTube: @prediqma<\/a><\/p>\n<p><a href=\"https:\/\/plus.google.com\/100812773975813630970\">Google+:@prediqma<\/a><\/p>\n<p><a href=\"https:\/\/www.xing.com\/profile\/Hartmut_Jaensch\">Xing: Hartmut Jaensch<\/a><\/p>\n<p><a href=\"http:\/\/www.linkedin.com\/in\/hartmutjaensch\">LinkedIn: Hartmut Jaensch<\/a><\/p>\n<h4><strong>ZUST\u00c4NDIGE AUFSICHTSBEH\u00d6RDE:<\/strong><\/h4>\n<p>Bundesanstalt f\u00fcr Finanzdienstleistungsaufsicht (BAFIN)<br \/>\nMarie-Curie-Stra\u00dfe\u00a024 \u2013 28<\/p>\n<p>60439\u00a0\u00a0Frankfurt \/ Main<br \/>\nDeutschland<\/p>\n<p>oder<\/p>\n<p>Bundesanstalt f\u00fcr Finanzdienstleistungsaufsicht (BAFIN)<br \/>\nGraurheindorfer Stra\u00dfe\u00a0108<\/p>\n<p>53117 Bonn<br \/>\nDeutschland<\/p>\n<p>Tel.: 0228 \/ 4108 \u2013 0<br \/>\nFax: 0228 \/ 4108 \u2013 1550<br \/>\nE-Mail: poststelle@bafin.de<br \/>\nInternet:\u00a0<a href=\"http:\/\/www.bafin.de\/\">http:\/\/www.bafin.de<\/a><\/p>\n<p><strong>Verbraucherschutz &amp; Angaben gem\u00e4\u00df Finanzanalyseverordnung (FinAV)\u00a0<\/strong><\/p>\n<p>Das Unternehmen entwickelt, erstellt und bietet Kunden Zugang zu Finanzsoftware, Finanzanalysen, Publikationen und sonstige Informationen \u00fcber Kapitalanlagem\u00f6glichkeiten sowie Seminar- und Vortragsveranstaltungen.<\/p>\n<p>Diese T\u00e4tigkeit ist gem. \u00a7 34c WpHG der Bundesanstalt f\u00fcr Finanzdienstleistungsaufsicht (BaFin) angezeigt\u00a0und unterliegt\u00a0den strengen gesetzlichen Vorschriften und Regelungen der Finanzanalyseverordnung (FinAnVO). Die wesentlichen Merkmale der angebotenen Dienstleistungen sind in den Allgemeinen Gesch\u00e4ftsbedingungen enthalten.\u00a0Eine Verg\u00fctung von Unternehmen, deren Werte in den Publikationen besprochen wurden, findet zu keinem Zeitpunkt statt.<\/p>\n<p>Das von Hartmut Jaensch entwickelte Trend-Scoring-Verfahren prediqma\u00ae ist als Marke mit der Register-Nr.302015039763 beim Deutschen Patent- und Markenamt eingetragen und gesch\u00fctzt. Die wesentlichen Grundlagen und Ma\u00dfst\u00e4be eigener Werturteile basieren auf diesem mathematisch-statistischen Verfahren, insbesondere die Auswertung von Marktdaten (wie Aktienkurse, Zinsen, W\u00e4hrungen, Rohstoffpreise) mittels komplexer Algorithmen (Big-Data-Analyse) sowie einer auf Unternehmenskennzahlen basierenden betriebswirtschaftlichen Betrachtung.<\/p>\n<p>Das TrendScoring-Verfahren prediqma\u00ae ermittelt durch Messung von Preis- und Kursver\u00e4nderungen die Trends an den Finanzm\u00e4rkten und bewertet anhand der so ermittelten Konstellationen die Wahrscheinlichkeiten f\u00fcr das Auftreten von Kursauf- und Abschw\u00fcngen sowohl an den Finanzm\u00e4rkten als auch f\u00fcr einzelne Werte (z.B. Aktien). Das f\u00fcr die weltweiten Aktienm\u00e4rkte entwickelte Hauptverfahren zu Bestimmung von Wendepunkten an den Finanzm\u00e4rkten wird durch Zusammenfassung von 14 Einzelverfahren dargestellt. Die Bewertung von Aktien erfolgt zun\u00e4chst \u00fcber eine Regions- und Sector (Branchen) Klassifizierung sowie deren jeweiligen Trends. F\u00fcr jede Einzelaktie wird dar\u00fcber hinaus ein TrendScore-Wert berechnete, dessen Historie und Erwartungswerte durch Farbcodes visualisiert und durch fundamentale (betriebswirtschaftliche) Kennzahlenvergleiche abgeschlossen werden.<\/p>\n<p>Eine daraus abgeleitete Anlagestrategie stellt auf einen Zeitraum von f\u00fcnf bis zehn Jahren ab; f\u00fcr einzelne Werte grunds\u00e4tzlich auf eine Haltedauer von mehrere Monaten bzw. Jahren. Wertpapiere, insbesondere Aktien, unterliegen hohen Kursschwankungen. Die Preise f\u00fcr Aktien und die eventuellen Ertr\u00e4ge daraus k\u00f6nnen sowohl sinken, als auch steigen. Es ist daher m\u00f6glich, dass Anleger den angelegten Betrag nicht im vollen Umfang zur\u00fcckerhalten und auch ein Totalverlust (z.B. bei Niedergang eines Unternehmens) nicht vollst\u00e4ndig ausgeschlossen werden kann. Das TrendScoring-Verfahren prediqma zielt jedoch darauf ab, die M\u00f6glichkeit eines dauerhaften Verlustes zu minimieren, insbesondere dadurch, dass Gefahren eines sich fortsetzenden Kursverfalls fr\u00fchzeitig ermittelt und angezeigt werden.<\/p>\n<p>Erstellung, Herausgeber und Redaktion: Hartmut Jaensch, Dipl.-Betriebsw. (verantwortlich); Kontakt: info@prediqma.com<\/p>\n<p>Prediqma-Editionen (Erscheinungsweise\/Update): w\u00f6chentlich (grunds\u00e4tzlich Dienstags); Zugang (permanent) \u00fcber das Online-Portal prediqma.com sowie eMail.<\/p>\n<p>Redaktionsschluss: Jeweils am Tag vor dem Erscheinungstermin. Kursdaten (insbesondere Einzeldaten), sofern nicht anders angegeben, sind die dem Ver\u00f6ffentlichungstermin jeweils vorausgegangenen Wochenschlusskurse bzw. die vor diesen zuletzt verf\u00fcgbaren Kurse. In jedem Fall handelt es sich ausschlie\u00dflich um sog. \u201eAfter-Midnight-Informationen\u201c, die also entsprechend der Vorgaben der Deutsche B\u00f6rse AG erst am folgenden Tag nach ihrer Entstehung weitergegeben werden.<\/p>\n<p><strong>Datenquellen f\u00fcr B\u00f6rsenkursdaten, Fundamentaldaten sowie Historien und Statistiken:<\/strong><\/p>\n<p>Lenz &amp; Partner AG (Part of VWD Group \u2013 Vereinigte Wirtschaftsdienste)<br \/>\nInstitut f\u00fcr B\u00f6rsenstrategie HOLDING GmbH (Deutschland)<\/p>\n<p><strong>Sonstige Quellen:<\/strong><\/p>\n<p>Es werden ausschlie\u00dflich allgemein verf\u00fcgbaren Daten sowie \u00f6ffentlich zug\u00e4ngliche Informationen \u00fcber Wirtschaft, Finanzm\u00e4rkte und Unternehmen (z.B. Gesch\u00e4ftsberichte, Pflichtmitteilungen), Medienver\u00f6ffentlichungen und sonstige Informationen, z.B. aus dem world wide web verwendet. Meinungen anderer Analysten, Finanzinstitute oder zus\u00e4tzliche Quellen werden nur in Einzelf\u00e4llen herangezogen und dann entsprechend gekennzeichnet.<\/p>\n<p><strong>Haftungsausschluss (Disclaimer)<\/strong><\/p>\n<p><strong>Haftung f\u00fcr Inhalte<\/strong><\/p>\n<p>Die Inhalte unserer Seiten wurden mit gr\u00f6\u00dfter Sorgfalt erstellt und dient nur zur pers\u00f6nlichen Information. Empfehlungen und Analysen geben ausschlie\u00dflich die Meinung der Redaktion wieder. F\u00fcr die Richtigkeit, Vollst\u00e4ndigkeit und Aktualit\u00e4t der Inhalte k\u00f6nnen wir jedoch keine Gew\u00e4hr \u00fcbernehmen.<\/p>\n<p>Insbesondere ist der Inhalt dieser Online-Pr\u00e4senz nicht als Beratung zu verstehen und stellt keine Aufforderung zum Kaufen, Halten oder Verkaufen von Wertpapieren dar. S\u00e4mtliche Informationen wurden aus Quellen bezogen, die der Verfasser f\u00fcr vertrauensw\u00fcrdig erachtet. Eine Gew\u00e4hrung hinsichtlich Qualit\u00e4t und Wahrheitsgehalt dieser Informationen wird\u00a0nicht \u00fcbernommen. Ergebnisse der Vergangenheit geben keine Gew\u00e4hr f\u00fcr die Zukunft.<\/p>\n<p>In keinem Fall kann die Institut f\u00fcr B\u00f6rsenstrategie GmbH oder mit ihr verbundene Unternehmen f\u00fcr etwaige Sch\u00e4den verantwortlich gemacht werden, die durch die Benutzung oder im Zusammenhang mit der Benutzung der hier bereitgestellten Informationen entstehen, seien es direkte oder indirekte Sch\u00e4den bzw. Folgesch\u00e4den.<\/p>\n<h4><strong>HAFTUNG F\u00dcR LINKS<\/strong><\/h4>\n<p>Auf Inhalt und Funktion verlinkter Seiten hat der Anbieter dieser Homepage keinen Einflu\u00df, so dass er auch f\u00fcr deren Inhalt und Verf\u00fcgbarkeit nicht haftet. F\u00fcr die Inhalte der verlinkten Seiten ist stets der jeweilige Anbieter oder Betreiber der Seiten verantwortlich. Die verlinkten Seiten wurden zum Zeitpunkt der Verlinkung auf m\u00f6gliche Rechtsverst\u00f6\u00dfe \u00fcberpr\u00fcft. Im Zeitpunkt der Verlinkung waren keine rechtswidrigen Inhalte f\u00fcr den Anbieter ersichtlich. Bei Bekanntwerden von etwaigen Rechtsverletzungen auf verlinkten Seiten werden wir derartige Links umgehend entfernen.<\/p>\n<h4><strong>URHEBERRECHT<\/strong><\/h4>\n<p>S\u00e4mtliche Inhalte und Werke auf diesen Seiten unterliegen dem Urheberrecht und weiteren Gesetzen zum Schutz geistigen Eigentums. Sie sind Eigentum der Institut f\u00fcr B\u00f6rsenstrategie GmbH und ihrer Lizenzgeberin. Die Inhalte d\u00fcrfen weder ganz noch teilweise ohne ausdr\u00fcckliche vorherige schriftliche Zustimmung\u00a0des Urhebers vervielf\u00e4ltigt und\/oder ver\u00f6ffentlicht oder in einem Informationssystem gespeichert werden. Davon ausgenommen ist das Weiterleiten oder die Verf\u00fcgbarmachung von Web-Links zu diesem\u00a0\u00f6ffentlich zug\u00e4nglichen\u00a0Online-Angebot.<\/p>\n<h4><strong>KEINE ABMAHNUNG OHNE VORHERIGEN KONTAKT<\/strong><\/h4>\n<p>Sollten Inhalte oder Aufmachung dieser Seiten fremde Rechte Dritter oder gesetzliche Bestimmungen verletzen, oder glauben Sie dieses, so bitten wir um eine entsprechende Nachricht ohne Kostennote. Dieses gilt auch bei Fehlern bzw. vermuteten Fehlern in Wort, Schrift oder Bild.\u00a0Wir garantieren, dass die zu Recht beanstandeten Passagen unverz\u00fcglich entfernt\/ge\u00e4ndert werden, ohne dass von Ihrer Seite die Einschaltung eines Rechtsbeistandes erforderlich ist.\u00a0Von Ihnen dennoch ohne vorherige Kontaktaufnahme ausgel\u00f6ste Kosten werden wir vollumf\u00e4nglich zur\u00fcckweisen und gegebenenfalls Gegenklage wegen Verletzung vorgenannter Bestimmungen einreichen.<\/p>\n<p>Die Europ\u00e4ische Kommission bietet auf einer von ihr betriebenen Plattform die M\u00f6glichkeit zur Online-Streitbeilegung an. Die Institut f\u00fcr B\u00f6rsenstrategie GmbH ist grunds\u00e4tzlich nicht verpflichtet, an Streitbeilegungsverfahren vor einer Verbraucherschlichtungsstelle teilzunehmen.<\/p>\n<p>\u00a9 2015 \u2013 2024 prediqma \u2013 Institut f\u00fcr B\u00f6rsenstrategie GmbH \u2013 Alle Rechte vorbehalten. All Rights Reserved.<\/p>\n","protected":false},"excerpt":{"rendered":"<p>INHALTLICH VERANTWORTLICH: prediqma \u2013 Institut f\u00fcr B\u00f6rsenstrategie GmbH (Anbieter i.S.d. \u00a7\u00a7 5 TMG, 55 RStV) Kurf\u00fcrstenstr. 44 D-46399 Bocholt Telefon: +49 (0) 28 71 \u2013 275 \u00a0757 \u2013 0 E-Mail: info@prediqma.com Internet: www.prediqma.com Das B\u00fcro M\u00dcNCHEN von Hartmut Jaensch erreichen Sie \u00fcber die o.g. zentralen Kontaktm\u00f6glichkeiten. USt-Id-Nr.: DE 300108739 Die Institut f\u00fcr B\u00f6rsenstrategie GmbH ist [&hellip;]<\/p>\n","protected":false},"author":2,"featured_media":0,"parent":0,"menu_order":0,"comment_status":"closed","ping_status":"closed","template":"","meta":{"_monsterinsights_skip_tracking":false,"_monsterinsights_sitenote_active":false,"_monsterinsights_sitenote_note":"","_monsterinsights_sitenote_category":0,"_genesis_hide_title":false,"_genesis_hide_breadcrumbs":false,"_genesis_hide_singular_image":false,"_genesis_hide_footer_widgets":false,"_genesis_custom_body_class":"","_genesis_custom_post_class":"","_genesis_layout":""},"_links":{"self":[{"href":"https:\/\/prediqma.com\/edition\/wp-json\/wp\/v2\/pages\/4417"}],"collection":[{"href":"https:\/\/prediqma.com\/edition\/wp-json\/wp\/v2\/pages"}],"about":[{"href":"https:\/\/prediqma.com\/edition\/wp-json\/wp\/v2\/types\/page"}],"author":[{"embeddable":true,"href":"https:\/\/prediqma.com\/edition\/wp-json\/wp\/v2\/users\/2"}],"replies":[{"embeddable":true,"href":"https:\/\/prediqma.com\/edition\/wp-json\/wp\/v2\/comments?post=4417"}],"version-history":[{"count":11,"href":"https:\/\/prediqma.com\/edition\/wp-json\/wp\/v2\/pages\/4417\/revisions"}],"predecessor-version":[{"id":34528,"href":"https:\/\/prediqma.com\/edition\/wp-json\/wp\/v2\/pages\/4417\/revisions\/34528"}],"wp:attachment":[{"href":"https:\/\/prediqma.com\/edition\/wp-json\/wp\/v2\/media?parent=4417"}],"curies":[{"name":"wp","href":"https:\/\/api.w.org\/{rel}","templated":true}]}}