{"id":4440,"date":"2016-03-07T10:39:41","date_gmt":"2016-03-07T10:39:41","guid":{"rendered":"http:\/\/prediqma.com\/edition\/?page_id=4440"},"modified":"2016-11-03T14:09:09","modified_gmt":"2016-11-03T14:09:09","slug":"technische-voraussetzungen","status":"publish","type":"page","link":"https:\/\/prediqma.com\/edition\/technische-voraussetzungen\/","title":{"rendered":"Technische Voraussetzungen"},"content":{"rendered":"<p>Wir setzen eine m\u00f6glichst aktuelle Version der g\u00e4ngigen Webbrowser (z.B. Google Chrome, Microsoft Internet Explorer, Firefox und Safari) voraus. Bei \u00e4lteren Versionen von Webbrowsern kann es zu Einschr\u00e4nkungen, wie Fehlern in der Darstellung,\u00a0kommen.<\/p>\n<p>Smartphones und Tablets, insbesondere mit kleinen Screens unter 1000 Pixeln, werden derzeit noch nicht bzw. nur sehr eingeschr\u00e4nkt unterst\u00fctzt.<\/p>\n<p>Haben Sie Fragen oder sonstige Hinweise? Bitte senden Sie ein kurze E-Mail an: info@prediqma.com<\/p>\n<p>Vielen Dank f\u00fcr Ihre Unterst\u00fctzung.<\/p>\n","protected":false},"excerpt":{"rendered":"<p>Wir setzen eine m\u00f6glichst aktuelle Version der g\u00e4ngigen Webbrowser (z.B. Google Chrome, Microsoft Internet Explorer, Firefox und Safari) voraus. Bei \u00e4lteren Versionen von Webbrowsern kann es zu Einschr\u00e4nkungen, wie Fehlern in der Darstellung,\u00a0kommen. Smartphones und Tablets, insbesondere mit kleinen Screens unter 1000 Pixeln, werden derzeit noch nicht bzw. nur sehr eingeschr\u00e4nkt unterst\u00fctzt. Haben Sie Fragen [&hellip;]<\/p>\n","protected":false},"author":2,"featured_media":0,"parent":0,"menu_order":0,"comment_status":"closed","ping_status":"closed","template":"","meta":{"_monsterinsights_skip_tracking":false,"_monsterinsights_sitenote_active":false,"_monsterinsights_sitenote_note":"","_monsterinsights_sitenote_category":0,"_genesis_hide_title":false,"_genesis_hide_breadcrumbs":false,"_genesis_hide_singular_image":false,"_genesis_hide_footer_widgets":false,"_genesis_custom_body_class":"","_genesis_custom_post_class":"","_genesis_layout":""},"_links":{"self":[{"href":"https:\/\/prediqma.com\/edition\/wp-json\/wp\/v2\/pages\/4440"}],"collection":[{"href":"https:\/\/prediqma.com\/edition\/wp-json\/wp\/v2\/pages"}],"about":[{"href":"https:\/\/prediqma.com\/edition\/wp-json\/wp\/v2\/types\/page"}],"author":[{"embeddable":true,"href":"https:\/\/prediqma.com\/edition\/wp-json\/wp\/v2\/users\/2"}],"replies":[{"embeddable":true,"href":"https:\/\/prediqma.com\/edition\/wp-json\/wp\/v2\/comments?post=4440"}],"version-history":[{"count":0,"href":"https:\/\/prediqma.com\/edition\/wp-json\/wp\/v2\/pages\/4440\/revisions"}],"wp:attachment":[{"href":"https:\/\/prediqma.com\/edition\/wp-json\/wp\/v2\/media?parent=4440"}],"curies":[{"name":"wp","href":"https:\/\/api.w.org\/{rel}","templated":true}]}}